{"id":40376,"date":"2024-05-22T12:58:41","date_gmt":"2024-05-22T10:58:41","guid":{"rendered":"https:\/\/integi.com\/politica-de-privacidad\/"},"modified":"2024-05-29T18:29:43","modified_gmt":"2024-05-29T16:29:43","slug":"privacy-policy","status":"publish","type":"page","link":"https:\/\/integi.com\/en\/privacy-policy\/","title":{"rendered":"Privacy Policy"},"content":{"rendered":"\t\t<div data-elementor-type=\"wp-page\" data-elementor-id=\"40376\" class=\"elementor elementor-40376 elementor-39173\" data-elementor-post-type=\"page\">\n\t\t\t\t<div class=\"elementor-element elementor-element-dd5ab38 e-con-full e-flex e-con e-parent\" data-id=\"dd5ab38\" data-element_type=\"container\" data-e-type=\"container\" data-settings=\"{&quot;background_background&quot;:&quot;classic&quot;}\">\n\t\t<div class=\"elementor-element elementor-element-1ae1e6e e-con-full e-flex e-con e-child\" data-id=\"1ae1e6e\" data-element_type=\"container\" data-e-type=\"container\" data-settings=\"{&quot;background_background&quot;:&quot;classic&quot;}\">\n\t\t\t\t<\/div>\n\t\t<div class=\"elementor-element elementor-element-bf7b24f e-con-full e-flex e-con e-child\" data-id=\"bf7b24f\" data-element_type=\"container\" data-e-type=\"container\" data-settings=\"{&quot;background_background&quot;:&quot;classic&quot;}\">\n\t\t<div class=\"elementor-element elementor-element-3c5f1b3 e-flex e-con-boxed e-con e-child\" data-id=\"3c5f1b3\" data-element_type=\"container\" data-e-type=\"container\">\n\t\t\t\t\t<div class=\"e-con-inner\">\n\t\t<div class=\"elementor-element elementor-element-3ec8937 e-flex e-con-boxed e-con e-child\" data-id=\"3ec8937\" data-element_type=\"container\" data-e-type=\"container\">\n\t\t\t\t\t<div class=\"e-con-inner\">\n\t\t\t\t<div class=\"elementor-element elementor-element-41763e8 elementor-widget elementor-widget-heading\" data-id=\"41763e8\" data-element_type=\"widget\" data-e-type=\"widget\" data-widget_type=\"heading.default\">\n\t\t\t\t<div class=\"elementor-widget-container\">\n\t\t\t\t\t<h2 class=\"elementor-heading-title elementor-size-default\">Privacy<br> Policy<\/h2>\t\t\t\t<\/div>\n\t\t\t\t<\/div>\n\t\t\t\t\t<\/div>\n\t\t\t\t<\/div>\n\t\t\t\t\t<\/div>\n\t\t\t\t<\/div>\n\t\t\t\t<\/div>\n\t\t<div class=\"elementor-element elementor-element-5321a95 e-con-full elementor-hidden-mobile e-flex e-con e-child\" data-id=\"5321a95\" data-element_type=\"container\" data-e-type=\"container\">\n\t\t\t\t<\/div>\n\t\t\t\t<\/div>\n\t\t<div class=\"elementor-element elementor-element-6196051 e-flex e-con-boxed e-con e-parent\" data-id=\"6196051\" data-element_type=\"container\" data-e-type=\"container\" data-settings=\"{&quot;background_background&quot;:&quot;classic&quot;}\">\n\t\t\t\t\t<div class=\"e-con-inner\">\n\t\t<div class=\"elementor-element elementor-element-bda881c e-flex e-con-boxed e-con e-child\" data-id=\"bda881c\" data-element_type=\"container\" data-e-type=\"container\" data-settings=\"{&quot;background_background&quot;:&quot;classic&quot;}\">\n\t\t\t\t\t<div class=\"e-con-inner\">\n\t\t<div class=\"elementor-element elementor-element-157a4a3 e-flex e-con-boxed e-con e-child\" data-id=\"157a4a3\" data-element_type=\"container\" data-e-type=\"container\">\n\t\t\t\t\t<div class=\"e-con-inner\">\n\t\t\t\t<div class=\"elementor-element elementor-element-5fd2bb7 elementor-widget elementor-widget-heading\" data-id=\"5fd2bb7\" data-element_type=\"widget\" data-e-type=\"widget\" data-widget_type=\"heading.default\">\n\t\t\t\t<div class=\"elementor-widget-container\">\n\t\t\t\t\t<h2 class=\"elementor-heading-title elementor-size-default\">Privacy Policy<\/h2>\t\t\t\t<\/div>\n\t\t\t\t<\/div>\n\t\t\t\t<div class=\"elementor-element elementor-element-0377837 elementor-widget elementor-widget-text-editor\" data-id=\"0377837\" data-element_type=\"widget\" data-e-type=\"widget\" data-widget_type=\"text-editor.default\">\n\t\t\t\t<div class=\"elementor-widget-container\">\n\t\t\t\t\t\t\t\t\t<ul><li>En cumplimiento del Reglamento (UE) 2016\/679, del Parlamento Europeo y del Consejo, de 27 de abril de 2016 (en adelante RGPD), INTEGI, S.A. pone de manifiesto la presente Pol\u00edtica respecto del tratamiento y protecci\u00f3n de datos personales.<\/li><li>La p\u00e1gina web www.integi.com es titularidad de INTEGI, S.A 48250 C\/AUTONOM\u00cdA 5 inscrita en el Registro Mercantil de Bizkaia en el Tomo 775, libro 479 de la secci\u00f3n 3\u00aa de Sociedades, folio 50, hoja n\u00ba 4847 con NIF A48092803.<\/li><li>Los datos aportados por el interesado se utilizar\u00e1n, con car\u00e1cter \u00fanico y exclusivo, para los fines previstos en el procedimiento o actuaci\u00f3n de que se trate. INTEGI tiene como objetivo proteger su informaci\u00f3n en internet.<\/li><li>INTEGI informa, que los datos de car\u00e1cter personal que se recaban a trav\u00e9s de los distintos recursos, formularios y apartados disponibles en el portal, ser\u00e1n tratados de forma confidencial y quedar\u00e1n incorporados a la base de datos de la que es responsable INTEGI.<\/li><li>El cedente de los datos podr\u00e1, en cualquier momento, ejercitar los derechos de acceso, rectificaci\u00f3n, cancelaci\u00f3n y oposici\u00f3n en la forma que reglamentariamente se determine.<\/li><\/ul>\t\t\t\t\t\t\t\t<\/div>\n\t\t\t\t<\/div>\n\t\t\t\t\t<\/div>\n\t\t\t\t<\/div>\n\t\t<div class=\"elementor-element elementor-element-4514790 e-flex e-con-boxed e-con e-child\" data-id=\"4514790\" data-element_type=\"container\" data-e-type=\"container\">\n\t\t\t\t\t<div class=\"e-con-inner\">\n\t\t\t\t<div class=\"elementor-element elementor-element-e9b85d8 elementor-widget elementor-widget-heading\" data-id=\"e9b85d8\" data-element_type=\"widget\" data-e-type=\"widget\" data-widget_type=\"heading.default\">\n\t\t\t\t<div class=\"elementor-widget-container\">\n\t\t\t\t\t<h2 class=\"elementor-heading-title elementor-size-default\">Cookie Policy<\/h2>\t\t\t\t<\/div>\n\t\t\t\t<\/div>\n\t\t\t\t<div class=\"elementor-element elementor-element-3da74b0 elementor-widget elementor-widget-text-editor\" data-id=\"3da74b0\" data-element_type=\"widget\" data-e-type=\"widget\" data-widget_type=\"text-editor.default\">\n\t\t\t\t<div class=\"elementor-widget-container\">\n\t\t\t\t\t\t\t\t\t<ul><li>La p\u00e1gina web de INTEGI cuenta con cookies. Las cookies son peque\u00f1os ficheros que se generan en el ordenador del usuario y nos permite conocer informaci\u00f3n. Las cookies no da\u00f1an ni alteran su equipo y no pueden leer informaciones almacenadas en ning\u00fan terminal.<\/li><li>La herramienta que utilizamos para conocer las visitas recibidas es Google Analytics. Se trata de un servicio anal\u00edtico de web que pertenece a Google, una compa\u00f1\u00eda de Delaware cuya oficina principal est\u00e1 en 1600 Amphitheatre Parkway, Mountain View (California), CA 94043, Estados Unidos.<\/li><li>Las cookies que se instalan son cookies de terceros. Puede utilizar un conjunto de cookies para recopilar informaci\u00f3n e informar de las estad\u00edsticas de uso de los sitios web sin identificar personalmente a los visitantes.<\/li><\/ul>\t\t\t\t\t\t\t\t<\/div>\n\t\t\t\t<\/div>\n\t\t\t\t\t<\/div>\n\t\t\t\t<\/div>\n\t\t\t\t\t<\/div>\n\t\t\t\t<\/div>\n\t\t\t\t\t<\/div>\n\t\t\t\t<\/div>\n\t\t<div class=\"elementor-element elementor-element-abd9f81 e-flex e-con-boxed e-con e-parent\" data-id=\"abd9f81\" data-element_type=\"container\" data-e-type=\"container\" data-settings=\"{&quot;background_background&quot;:&quot;classic&quot;}\">\n\t\t\t\t\t<div class=\"e-con-inner\">\n\t\t\t\t\t<\/div>\n\t\t\t\t<\/div>\n\t\t\t\t<\/div>\n\t\t","protected":false},"excerpt":{"rendered":"<p>Privacy Policy Privacy Policy En cumplimiento del Reglamento (UE) 2016\/679, del Parlamento Europeo y del Consejo, de 27 de abril de 2016 (en adelante RGPD), INTEGI,<span class=\"excerpt-hellip\"> [\u2026]<\/span><\/p>\n","protected":false},"author":2,"featured_media":0,"parent":0,"menu_order":0,"comment_status":"closed","ping_status":"closed","template":"elementor_header_footer","meta":{"_acf_changed":false,"footnotes":""},"class_list":["post-40376","page","type-page","status-publish","hentry"],"acf":[],"_links":{"self":[{"href":"https:\/\/integi.com\/en\/wp-json\/wp\/v2\/pages\/40376","targetHints":{"allow":["GET"]}}],"collection":[{"href":"https:\/\/integi.com\/en\/wp-json\/wp\/v2\/pages"}],"about":[{"href":"https:\/\/integi.com\/en\/wp-json\/wp\/v2\/types\/page"}],"author":[{"embeddable":true,"href":"https:\/\/integi.com\/en\/wp-json\/wp\/v2\/users\/2"}],"replies":[{"embeddable":true,"href":"https:\/\/integi.com\/en\/wp-json\/wp\/v2\/comments?post=40376"}],"version-history":[{"count":0,"href":"https:\/\/integi.com\/en\/wp-json\/wp\/v2\/pages\/40376\/revisions"}],"wp:attachment":[{"href":"https:\/\/integi.com\/en\/wp-json\/wp\/v2\/media?parent=40376"}],"curies":[{"name":"wp","href":"https:\/\/api.w.org\/{rel}","templated":true}]}}